{"id":968,"date":"2015-02-23T06:20:19","date_gmt":"2015-02-23T06:20:19","guid":{"rendered":"https:\/\/fujideclaration.org\/action-2\/"},"modified":"2015-04-11T16:54:00","modified_gmt":"2015-04-11T20:54:00","slug":"action","status":"publish","type":"page","link":"https:\/\/fujideclaration.org\/es\/action\/","title":{"rendered":"Action"},"content":{"rendered":"<p>La Declaraci\u00f3n de Fuji tiene la intenci\u00f3n de acelerar la evoluci\u00f3n consciente compartiendo el abrazo de la &#8220;unidad en la diversidad&#8221; para encender la Chispa Divina en la humanidad. Como una comunidad, exploraremos como la transformaci\u00f3n de la consciencia puede impactar en las varias esferas de nuestra sociedad global.<\/p>\n<p>&nbsp;<\/p>\n<p>&nbsp;<\/p>\n","protected":false},"excerpt":{"rendered":"<p>La Declaraci\u00f3n de Fuji tiene la intenci\u00f3n de acelerar la evoluci\u00f3n consciente compartiendo el abrazo de la &#8220;unidad en la diversidad&#8221; para encender la Chispa Divina en la humanidad. Como una comunidad, exploraremos como la transformaci\u00f3n de la consciencia puede impactar en las varias esferas de nuestra sociedad global. &nbsp; &nbsp;<\/p>\n","protected":false},"author":1,"featured_media":0,"parent":0,"menu_order":0,"comment_status":"open","ping_status":"open","template":"page-templates\/template-action-page.php","meta":{"_acf_changed":false,"_exactmetrics_skip_tracking":false,"_exactmetrics_sitenote_active":false,"_exactmetrics_sitenote_note":"","_exactmetrics_sitenote_category":0,"footnotes":""},"class_list":["post-968","page","type-page","status-publish","hentry"],"acf":[],"_links":{"self":[{"href":"https:\/\/fujideclaration.org\/es\/wp-json\/wp\/v2\/pages\/968","targetHints":{"allow":["GET"]}}],"collection":[{"href":"https:\/\/fujideclaration.org\/es\/wp-json\/wp\/v2\/pages"}],"about":[{"href":"https:\/\/fujideclaration.org\/es\/wp-json\/wp\/v2\/types\/page"}],"author":[{"embeddable":true,"href":"https:\/\/fujideclaration.org\/es\/wp-json\/wp\/v2\/users\/1"}],"replies":[{"embeddable":true,"href":"https:\/\/fujideclaration.org\/es\/wp-json\/wp\/v2\/comments?post=968"}],"version-history":[{"count":16,"href":"https:\/\/fujideclaration.org\/es\/wp-json\/wp\/v2\/pages\/968\/revisions"}],"predecessor-version":[{"id":2254,"href":"https:\/\/fujideclaration.org\/es\/wp-json\/wp\/v2\/pages\/968\/revisions\/2254"}],"wp:attachment":[{"href":"https:\/\/fujideclaration.org\/es\/wp-json\/wp\/v2\/media?parent=968"}],"curies":[{"name":"wp","href":"https:\/\/api.w.org\/{rel}","templated":true}]}}