{"id":353,"date":"2014-12-13T14:30:06","date_gmt":"2014-12-13T14:30:06","guid":{"rendered":"https:\/\/fujideclaration.org\/todos-los-firmantes\/"},"modified":"2015-04-07T14:30:53","modified_gmt":"2015-04-07T18:30:53","slug":"all-signatories","status":"publish","type":"page","link":"https:\/\/fujideclaration.org\/es\/all-signatories\/","title":{"rendered":"Todos los firmantes"},"content":{"rendered":"<p>La Declaraci\u00f3n de Fuiji ha sido firmada por una creciente comunidad de pioneros de or\u00edgenes muy diferentes, incluyendo jefes de estado, premios Nobel, cient\u00edficos, artistas, autores, educadores y defensores de la paz mundial de todo el mundo.<\/p>\n","protected":false},"excerpt":{"rendered":"<p>La Declaraci\u00f3n de Fuiji ha sido firmada por una creciente comunidad de pioneros de or\u00edgenes muy diferentes, incluyendo jefes de estado, premios Nobel, cient\u00edficos, artistas, autores, educadores y defensores de la paz mundial de todo el mundo.<\/p>\n","protected":false},"author":1,"featured_media":0,"parent":0,"menu_order":0,"comment_status":"open","ping_status":"open","template":"page-templates\/template-all-signatories.php","meta":{"_acf_changed":false,"_exactmetrics_skip_tracking":false,"_exactmetrics_sitenote_active":false,"_exactmetrics_sitenote_note":"","_exactmetrics_sitenote_category":0,"footnotes":""},"class_list":["post-353","page","type-page","status-publish","hentry"],"acf":[],"_links":{"self":[{"href":"https:\/\/fujideclaration.org\/es\/wp-json\/wp\/v2\/pages\/353","targetHints":{"allow":["GET"]}}],"collection":[{"href":"https:\/\/fujideclaration.org\/es\/wp-json\/wp\/v2\/pages"}],"about":[{"href":"https:\/\/fujideclaration.org\/es\/wp-json\/wp\/v2\/types\/page"}],"author":[{"embeddable":true,"href":"https:\/\/fujideclaration.org\/es\/wp-json\/wp\/v2\/users\/1"}],"replies":[{"embeddable":true,"href":"https:\/\/fujideclaration.org\/es\/wp-json\/wp\/v2\/comments?post=353"}],"version-history":[{"count":1,"href":"https:\/\/fujideclaration.org\/es\/wp-json\/wp\/v2\/pages\/353\/revisions"}],"predecessor-version":[{"id":963,"href":"https:\/\/fujideclaration.org\/es\/wp-json\/wp\/v2\/pages\/353\/revisions\/963"}],"wp:attachment":[{"href":"https:\/\/fujideclaration.org\/es\/wp-json\/wp\/v2\/media?parent=353"}],"curies":[{"name":"wp","href":"https:\/\/api.w.org\/{rel}","templated":true}]}}