{"id":2318,"date":"2015-04-22T07:51:10","date_gmt":"2015-04-22T11:51:10","guid":{"rendered":"https:\/\/fujideclaration.org\/thank-you-registration-2\/"},"modified":"2015-05-06T10:08:51","modified_gmt":"2015-05-06T14:08:51","slug":"may-17-event-thank-you","status":"publish","type":"page","link":"https:\/\/fujideclaration.org\/es\/may-17-event-thank-you\/","title":{"rendered":"17 Mayo Evento &#8211; Gracias"},"content":{"rendered":"<p>\u00a1Gracias por registrarte para celebrar la inauguraci\u00f3n de <strong>la Declaraci\u00f3n de Fuji &#8211; la activaci\u00f3n de la chispa divina el 17 de Mayo, 2015!<\/strong>! M\u00e1s informaci\u00f3n para explorar y compartir con tus amigos y tu comunidad.<\/p>\n","protected":false},"excerpt":{"rendered":"<p>\u00a1Gracias por registrarte para celebrar la inauguraci\u00f3n de la Declaraci\u00f3n de Fuji &#8211; la activaci\u00f3n de la chispa divina el 17 de Mayo, 2015!! M\u00e1s informaci\u00f3n para explorar y compartir con tus amigos y tu comunidad.<\/p>\n","protected":false},"author":1,"featured_media":951,"parent":0,"menu_order":0,"comment_status":"open","ping_status":"closed","template":"page-templates\/template-thankyou-registration.php","meta":{"_acf_changed":false,"_exactmetrics_skip_tracking":false,"_exactmetrics_sitenote_active":false,"_exactmetrics_sitenote_note":"","_exactmetrics_sitenote_category":0,"footnotes":""},"class_list":["post-2318","page","type-page","status-publish","has-post-thumbnail","hentry"],"acf":[],"_links":{"self":[{"href":"https:\/\/fujideclaration.org\/es\/wp-json\/wp\/v2\/pages\/2318","targetHints":{"allow":["GET"]}}],"collection":[{"href":"https:\/\/fujideclaration.org\/es\/wp-json\/wp\/v2\/pages"}],"about":[{"href":"https:\/\/fujideclaration.org\/es\/wp-json\/wp\/v2\/types\/page"}],"author":[{"embeddable":true,"href":"https:\/\/fujideclaration.org\/es\/wp-json\/wp\/v2\/users\/1"}],"replies":[{"embeddable":true,"href":"https:\/\/fujideclaration.org\/es\/wp-json\/wp\/v2\/comments?post=2318"}],"version-history":[{"count":10,"href":"https:\/\/fujideclaration.org\/es\/wp-json\/wp\/v2\/pages\/2318\/revisions"}],"predecessor-version":[{"id":2735,"href":"https:\/\/fujideclaration.org\/es\/wp-json\/wp\/v2\/pages\/2318\/revisions\/2735"}],"wp:featuredmedia":[{"embeddable":true,"href":"https:\/\/fujideclaration.org\/es\/wp-json\/wp\/v2\/media\/951"}],"wp:attachment":[{"href":"https:\/\/fujideclaration.org\/es\/wp-json\/wp\/v2\/media?parent=2318"}],"curies":[{"name":"wp","href":"https:\/\/api.w.org\/{rel}","templated":true}]}}