{"id":182,"date":"2014-12-08T10:47:15","date_gmt":"2014-12-08T10:47:15","guid":{"rendered":"https:\/\/fujideclaration.org\/?page_id=182"},"modified":"2016-08-18T16:41:27","modified_gmt":"2016-08-18T20:41:27","slug":"the-fuji-declaration","status":"publish","type":"page","link":"https:\/\/fujideclaration.org\/es\/the-fuji-declaration\/","title":{"rendered":"La Declaraci\u00f3n de Fuji"},"content":{"rendered":"<p>La Declaraci\u00f3n de Fuji es un llamado a reconocer la inteconexion inherente entre todas las personas de la Tierra. Es un llamado a evolucionar conscientemente con otros y con la naturaleza y a crear un mundo sustentable, y floreciente para todos y para las generaci\u00f3nes futuras.<\/p>\n<p>Al firmar la Declaraci\u00f3n aqu\u00ed abajo,\u00a0 afirmas tu compromiso de vivir y actuar desde este compromiso com\u00fan, para que todos juntos podamos cambiar la consciencia humana hacia un pensamiento y una acci\u00f3n m\u00e1s inclusiva y m\u00e1s centrada en el todo y con la naturaleza para dar a luz ese nuevo mundo.<\/p>\n<p>&nbsp;<\/p>\n","protected":false},"excerpt":{"rendered":"<p>La Declaraci\u00f3n de Fuji es un llamado a reconocer la inteconexion inherente entre todas las personas de la Tierra. Es un llamado a evolucionar conscientemente con otros y con la naturaleza y a crear un mundo sustentable, y floreciente para todos y para las generaci\u00f3nes futuras. Al firmar la Declaraci\u00f3n aqu\u00ed abajo,\u00a0 afirmas tu compromiso de vivir y actuar desde este compromiso com\u00fan, para que todos juntos podamos cambiar la consciencia humana hacia un pensamiento y una acci\u00f3n m\u00e1s inclusiva y m\u00e1s centrada en el todo y con la naturaleza para dar a luz ese nuevo mundo. &nbsp;<\/p>\n","protected":false},"author":1,"featured_media":0,"parent":0,"menu_order":0,"comment_status":"closed","ping_status":"closed","template":"page-templates\/template-declaration-page.php","meta":{"_acf_changed":false,"_exactmetrics_skip_tracking":false,"_exactmetrics_sitenote_active":false,"_exactmetrics_sitenote_note":"","_exactmetrics_sitenote_category":0,"footnotes":""},"class_list":["post-182","page","type-page","status-publish","hentry"],"acf":[],"_links":{"self":[{"href":"https:\/\/fujideclaration.org\/es\/wp-json\/wp\/v2\/pages\/182","targetHints":{"allow":["GET"]}}],"collection":[{"href":"https:\/\/fujideclaration.org\/es\/wp-json\/wp\/v2\/pages"}],"about":[{"href":"https:\/\/fujideclaration.org\/es\/wp-json\/wp\/v2\/types\/page"}],"author":[{"embeddable":true,"href":"https:\/\/fujideclaration.org\/es\/wp-json\/wp\/v2\/users\/1"}],"replies":[{"embeddable":true,"href":"https:\/\/fujideclaration.org\/es\/wp-json\/wp\/v2\/comments?post=182"}],"version-history":[{"count":16,"href":"https:\/\/fujideclaration.org\/es\/wp-json\/wp\/v2\/pages\/182\/revisions"}],"predecessor-version":[{"id":4291,"href":"https:\/\/fujideclaration.org\/es\/wp-json\/wp\/v2\/pages\/182\/revisions\/4291"}],"wp:attachment":[{"href":"https:\/\/fujideclaration.org\/es\/wp-json\/wp\/v2\/media?parent=182"}],"curies":[{"name":"wp","href":"https:\/\/api.w.org\/{rel}","templated":true}]}}