{"id":152,"date":"2015-01-05T19:50:24","date_gmt":"2015-01-05T19:50:24","guid":{"rendered":"https:\/\/fujideclaration.org\/?page_id=152"},"modified":"2015-04-30T08:40:59","modified_gmt":"2015-04-30T12:40:59","slug":"about-us","status":"publish","type":"page","link":"https:\/\/fujideclaration.org\/es\/about-us\/","title":{"rendered":"Quienes somos"},"content":{"rendered":"<p>Para poder tomar decisiones m\u00e1s acertadas y cambiar el curso de nuestra historia, debemos regresar a la pregunta b\u00e1sica de la vida humana. Cada uno de nosotros debemos preguntarnos, &#8220;\u00bfCu\u00e1l es nuestra verdadera naturaleza?&#8221;, y buscar una respuesta significativa y responsable. Nos debemos preguntar, \u201c\u00bfCu\u00e1l es nuestra verdadera naturaleza?\u201d y buscar una respuesta significativa y responsable.<\/p>\n<p>Las grandes tradiciones espirituales del mundo han revelado por mucho tiempo que, desde sus or\u00edgenes, la vida humana est\u00e1 intr\u00ednsicamente ligada a su fuente universal. Los \u00faltimos descubrimientos cient\u00edficos parecen confirmar esta idea permanente. Cuando nos damos cuenta de nuestra conexi\u00f3n con la naturaleza y el cosmos, podemos alinear nuestra vida con el movimiento universal hacia la unidad con la diversidad. Podemos restablecer la llama del esp\u00edritu humano y generar un mundo pr\u00f3spero.<\/p>\n","protected":false},"excerpt":{"rendered":"<p>Para poder tomar decisiones m\u00e1s acertadas y cambiar el curso de nuestra historia, debemos regresar a la pregunta b\u00e1sica de la vida humana. Cada uno de nosotros debemos preguntarnos, &#8220;\u00bfCu\u00e1l es nuestra verdadera naturaleza?&#8221;, y buscar una respuesta significativa y responsable. Nos debemos preguntar, \u201c\u00bfCu\u00e1l es nuestra verdadera naturaleza?\u201d y buscar una respuesta significativa y responsable. Las grandes tradiciones espirituales del mundo han revelado por mucho tiempo que, desde sus or\u00edgenes, la vida humana est\u00e1 intr\u00ednsicamente ligada a su fuente universal. Los \u00faltimos descubrimientos cient\u00edficos parecen confirmar esta idea permanente. Cuando nos damos cuenta de nuestra conexi\u00f3n con la naturaleza y el cosmos, podemos alinear nuestra vida con el movimiento [&hellip;]<\/p>\n","protected":false},"author":1,"featured_media":75,"parent":0,"menu_order":0,"comment_status":"open","ping_status":"open","template":"page-templates\/template-aboutus.php","meta":{"_acf_changed":false,"_exactmetrics_skip_tracking":false,"_exactmetrics_sitenote_active":false,"_exactmetrics_sitenote_note":"","_exactmetrics_sitenote_category":0,"footnotes":""},"class_list":["post-152","page","type-page","status-publish","has-post-thumbnail","hentry"],"acf":[],"_links":{"self":[{"href":"https:\/\/fujideclaration.org\/es\/wp-json\/wp\/v2\/pages\/152","targetHints":{"allow":["GET"]}}],"collection":[{"href":"https:\/\/fujideclaration.org\/es\/wp-json\/wp\/v2\/pages"}],"about":[{"href":"https:\/\/fujideclaration.org\/es\/wp-json\/wp\/v2\/types\/page"}],"author":[{"embeddable":true,"href":"https:\/\/fujideclaration.org\/es\/wp-json\/wp\/v2\/users\/1"}],"replies":[{"embeddable":true,"href":"https:\/\/fujideclaration.org\/es\/wp-json\/wp\/v2\/comments?post=152"}],"version-history":[{"count":13,"href":"https:\/\/fujideclaration.org\/es\/wp-json\/wp\/v2\/pages\/152\/revisions"}],"predecessor-version":[{"id":2503,"href":"https:\/\/fujideclaration.org\/es\/wp-json\/wp\/v2\/pages\/152\/revisions\/2503"}],"wp:featuredmedia":[{"embeddable":true,"href":"https:\/\/fujideclaration.org\/es\/wp-json\/wp\/v2\/media\/75"}],"wp:attachment":[{"href":"https:\/\/fujideclaration.org\/es\/wp-json\/wp\/v2\/media?parent=152"}],"curies":[{"name":"wp","href":"https:\/\/api.w.org\/{rel}","templated":true}]}}