{"id":1167,"date":"2015-03-05T15:24:44","date_gmt":"2015-03-05T15:24:44","guid":{"rendered":"https:\/\/fujideclaration.org\/politica-de-privacidad\/"},"modified":"2015-04-08T17:21:04","modified_gmt":"2015-04-08T21:21:04","slug":"privacy-policy","status":"publish","type":"page","link":"https:\/\/fujideclaration.org\/es\/privacy-policy\/","title":{"rendered":"Pol\u00edtica de Privacidad"},"content":{"rendered":"<p style=\"text-align: left;\"><strong>Pol\u00edtica de Privacidad<\/strong><\/p>\n<p style=\"text-align: left;\">Estas Pol\u00edticas de Privacidad rigen la forma en la cual la Declaraci\u00f3n de Fuji re\u00fane, usa , mantiene y divulga informaci\u00f3n reunida de usuarios (cada, \u201cUsuario\u201d) del sitio https:\/\/fujideclaration.org (\u201cSitio\u201d). Esta pol\u00edtica de privacidad se aplica al Sitio y a todos los productos y servicios ofrecidos por la Declaraci\u00f3n de Fuji.<\/p>\n<p style=\"text-align: left;\"><strong>Informaci\u00f3n de Identificaci\u00f3n Personal<\/strong><br \/>\nPodemos reunir informaci\u00f3n de identificaci\u00f3n personal de Usuarios en una variedad de formas, incluyendo, pero no solo, cuando los Usuarios visitan nuestro sitio, se registran en el sitio, se suscriben al bolet\u00edn, llenan un formulario y en conexi\u00f3n con otras actividades, servicios, caracter\u00edsticas o recursos que hemos puesto a disposici\u00f3n en nuestro Sitio. Se le pedir\u00e1 a los Usuarios, seg\u00fan el caso, su nombre, direcci\u00f3n de mail. Los Usuarios pueden, sin embargo, visitar nuestro Sitio de forma an\u00f3nima. Reuniremos informaci\u00f3n de identificaci\u00f3n personal de los Usuarios que nos presenten tal informaci\u00f3n voluntariamente. Los Usuarios pueden si lo desean rehusarse a proveer su informaci\u00f3n personal. Esto les podr\u00e1 impedir involucrarse en algunas de las actividades del Sitio.<\/p>\n<p style=\"text-align: left;\"><strong>Informaci\u00f3n de identificaci\u00f3n no personal<\/strong><br \/>\nPodremos reunir informaci\u00f3n de identificaci\u00f3n no personal sobre los Usuarios cuando ellos interact\u00faen con el Sitio. La informaci\u00f3n de identificaci\u00f3n no personal puede incluir el nombre del buscador, el tipo de computadora e informaci\u00f3n t\u00e9cnica sobra las formas de conexi\u00f3n del Usuario a nuestro Sitio, tal como el sistema operativo y el proveedor de Servicio de Internet utilizado u otra informaci\u00f3n similar.<\/p>\n<p style=\"text-align: left;\"><strong>Cookies del buscador de la Web<\/strong><br \/>\nNuestro Sitio podr\u00e1 usar \u201ccookies\u201d para mejorar la experiencia del Usuario. El buscador de la web del Usuario coloca \u201ccookies\u201d en su disco duro como forma de registro y algunas veces para registrar informaci\u00f3n sobre ellos. El Usuario puede configurar su buscador para que rechace los \u201ccookies\u201d o para alertarlo cuando se est\u00e1n enviando \u201ccookies\u201d. Si lo hacen, quiz\u00e1s algunas partes del Sitio no funcionar\u00e1n correctamente.<\/p>\n<p style=\"text-align: left;\"><strong>C\u00f3mo usamos la informaci\u00f3n reunida<\/strong><br \/>\nLa Declaraci\u00f3n de Fuji puede reunir y usar la informaci\u00f3n personal de Usuario de alguna de las siguientes formas:<br \/>\n\u2022 Para mejorar nuestro Sitio. Podremos usar esta retroalimentaci\u00f3n para mejorar los servicios y productos.<br \/>\n\u2022 Para realizar una promoci\u00f3n, un concurso, una encuesta u otras caracter\u00edsticas del Sitio<br \/>\n\u2022 Para enviar informaci\u00f3n que el Usuario est\u00e1 de acuerdo en recibir acerca de temas que pensemos que son de inter\u00e9s para \u00e9l.<br \/>\n\u2022 Para enviar mails peri\u00f3dicamente<br \/>\n\u2022 Podremos usar la direcci\u00f3n de mail para responder a sus preguntas, dudas, y otros requerimientos. Si el Usuario decide participar de la lista de env\u00edos, recibir\u00e1 mails que incluyen noticias, actualizaciones, informaci\u00f3n relacionada, etc. Si en cualquier momento el Usuario quisiera des-suscribirse, encontrar\u00e1 instrucciones detalladas de c\u00f3mo hacerlo al final de cada mail.<\/p>\n<p style=\"text-align: left;\"><strong>C\u00f3mo protegemos tu informaci\u00f3n<\/strong><br \/>\nAdoptamos pr\u00e1cticas y medidas de seguridad de recolecci\u00f3n de datos, almacenamiento y procesamiento contra acceso no autorizado, alteraciones, divulgaci\u00f3n o destrucci\u00f3n de informaci\u00f3n personal, nombre de usuario, palabra clave, informaci\u00f3n transaccional y datos almacenados en nuestro Sitio.<br \/>\nCompartir la informaci\u00f3n personal<br \/>\nNo vendemos, comerciamos o alquilamos la informaci\u00f3n de identificaci\u00f3n personal a otros. Podremos compartir informaci\u00f3n demogr\u00e1fica gen\u00e9rica agregada, no relacionada con ninguna informaci\u00f3n de identificaci\u00f3n personal de los visitantes o de los Usuario, con nuestros socios de confianza para los prop\u00f3sitos mencionados anteriormente.<\/p>\n<p style=\"text-align: left;\"><strong>Sitios de terceros<\/strong><br \/>\nLos Usuarios podr\u00e1n encontrar en nuestro Sitio contenidos que conectan con otros sitios y servicios de nuestros socios, colaboradores, afiliados, sponsors u otras terceras partes. No tenemos control sobre el contenido o los links que aparece en esos sitios y nos somos responsables por las pr\u00e1cticas empleadas por sitios web linkeado a o desde nuestro Sitio. Adem\u00e1s, estos sitios o servicio, incluyendo sus contenidos y sus links, pueden cambiar constantemente. Estos sitios tendr\u00e1n sus propias Pol\u00edticas de Privacidad y Servicios al sus consumidores. Recorrer o interactuar con otro sitio web, incluyendo los sitios que tienen un link a nuestro Sitio est\u00e1n sujetos a los t\u00e9rminos y pol\u00edticas de esos sitios.<\/p>\n<p style=\"text-align: left;\"><strong>Cambios en la Pol\u00edtica de Privacidad<\/strong><br \/>\nLa Declaraci\u00f3n de Fuji se reserva el derecho de actualizar estas pol\u00edticas de privacidad en cualquier momento. Cuando lo hagamos, actualizaremos tambi\u00e9n la fecha al final de esta p\u00e1gina. Recomendamos a los Usuarios que revisen frecuentemente esta p\u00e1gina. Podr\u00e1n ver los cambios con los cuales estamos tratando de proteger la informaci\u00f3n personal que reunimos. Usted reconoce y est\u00e1 de acuerdo que es su responsabilidad revisar estas pol\u00edticas de privacidad peri\u00f3dicamente y tomar nota de sus modificaciones.<\/p>\n<p style=\"text-align: left;\"><strong>Aceptaci\u00f3n de los t\u00e9rminos<\/strong><br \/>\nAl usar este sitio, usted muestra su aceptaci\u00f3n de las pol\u00edticas y t\u00e9rminos del servicio. Si usted no est\u00e1 de acuerdo con estas pol\u00edticas, por favor no use el Sitio. Es uso continuado del Sitio luego de la actualizaci\u00f3n de cambios a esta pol\u00edtica ser\u00e1 considerado como la aceptaci\u00f3n de estos cambios.<\/p>\n<p style=\"text-align: left;\"><strong>Cont\u00e1ctenos<\/strong><br \/>\nSi tiene alguna pregunta acerca de esta Pol\u00edtica de Privacidad, las pr\u00e1cticas del sitio y sus contactos con este sitio por favor cont\u00e1ctenos en:<br \/>\nThe Fuji Declaration Secretariat c\/o The Goi Peace Foundation Heiwa Daiichi Bldg, 1-4-5 Hirakawacho Chiyoda-ku, Tokyo 102-0093 Japan<\/p>\n<p style=\"text-align: left;\">outreach@fujideclaration.org<\/p>\n<p style=\"text-align: left;\">Este documento fue actualizado el 20 de Febrero, 2015<\/p>\n","protected":false},"excerpt":{"rendered":"<p>Pol\u00edtica de Privacidad Estas Pol\u00edticas de Privacidad rigen la forma en la cual la Declaraci\u00f3n de Fuji re\u00fane, usa , mantiene y divulga informaci\u00f3n reunida de usuarios (cada, \u201cUsuario\u201d) del sitio https:\/\/fujideclaration.org (\u201cSitio\u201d). Esta pol\u00edtica de privacidad se aplica al Sitio y a todos los productos y servicios ofrecidos por la Declaraci\u00f3n de Fuji. Informaci\u00f3n de Identificaci\u00f3n Personal Podemos reunir informaci\u00f3n de identificaci\u00f3n personal de Usuarios en una variedad de formas, incluyendo, pero no solo, cuando los Usuarios visitan nuestro sitio, se registran en el sitio, se suscriben al bolet\u00edn, llenan un formulario y en conexi\u00f3n con otras actividades, servicios, caracter\u00edsticas o recursos que hemos puesto a disposici\u00f3n en nuestro [&hellip;]<\/p>\n","protected":false},"author":1,"featured_media":0,"parent":0,"menu_order":0,"comment_status":"open","ping_status":"open","template":"","meta":{"_acf_changed":false,"_exactmetrics_skip_tracking":false,"_exactmetrics_sitenote_active":false,"_exactmetrics_sitenote_note":"","_exactmetrics_sitenote_category":0,"footnotes":""},"class_list":["post-1167","page","type-page","status-publish","hentry"],"acf":[],"_links":{"self":[{"href":"https:\/\/fujideclaration.org\/es\/wp-json\/wp\/v2\/pages\/1167","targetHints":{"allow":["GET"]}}],"collection":[{"href":"https:\/\/fujideclaration.org\/es\/wp-json\/wp\/v2\/pages"}],"about":[{"href":"https:\/\/fujideclaration.org\/es\/wp-json\/wp\/v2\/types\/page"}],"author":[{"embeddable":true,"href":"https:\/\/fujideclaration.org\/es\/wp-json\/wp\/v2\/users\/1"}],"replies":[{"embeddable":true,"href":"https:\/\/fujideclaration.org\/es\/wp-json\/wp\/v2\/comments?post=1167"}],"version-history":[{"count":3,"href":"https:\/\/fujideclaration.org\/es\/wp-json\/wp\/v2\/pages\/1167\/revisions"}],"predecessor-version":[{"id":2225,"href":"https:\/\/fujideclaration.org\/es\/wp-json\/wp\/v2\/pages\/1167\/revisions\/2225"}],"wp:attachment":[{"href":"https:\/\/fujideclaration.org\/es\/wp-json\/wp\/v2\/media?parent=1167"}],"curies":[{"name":"wp","href":"https:\/\/api.w.org\/{rel}","templated":true}]}}